{"id":51,"date":"2013-01-04T18:37:01","date_gmt":"2013-01-04T18:37:01","guid":{"rendered":"http:\/\/ddzswidnica.pl\/?page_id=51"},"modified":"2025-03-19T09:03:20","modified_gmt":"2025-03-19T09:03:20","slug":"kontakt","status":"publish","type":"page","link":"http:\/\/zpowswidnica.pl\/?page_id=51","title":{"rendered":"Kontakt"},"content":{"rendered":"<p>Zesp\u00f3\u0142 Plac\u00f3wek Opieku\u0144czo-Wychowawczych<\/p>\n<p>58-100 \u015awidnica ul. Serbska 78<\/p>\n<p>telefon 74 850 99 39<\/p>\n<p>e-mail: <a href=\"mailto:sekretariat@zpowswidnica.pl\">sekretariat(at)zpowswidnica.pl<\/a><\/p>\n<p>ePUAP: \/zpowSwidnica\/SkrytkaESP<\/p>\n<p>Nr. konta:<\/p>\n<p>Getin Noble Bank<\/p>\n<p>68 1560 0013 2005 5584 3000 0001<\/p>\n<p><iframe loading=\"lazy\" src=\"https:\/\/maps.google.pl\/maps?f=q&amp;source=s_q&amp;hl=pl&amp;geocode=&amp;q=%C5%9Bwidnica+serbska+78&amp;aq=&amp;sll=50.95055,16.307874&amp;sspn=1.723399,4.938354&amp;ie=UTF8&amp;hq=&amp;hnear=Serbska+78,+58-100+%C5%9Awidnica,+%C5%9Bwidnicki,+dolno%C5%9Bl%C4%85skie&amp;t=m&amp;z=14&amp;ll=50.827378,16.474282&amp;output=embed\" width=\"425\" height=\"350\" frameborder=\"0\" marginwidth=\"0\" marginheight=\"0\" scrolling=\"no\"><\/iframe><br \/>\n<small><a style=\"color: #0000ff; text-align: left;\" href=\"https:\/\/maps.google.pl\/maps?f=q&amp;source=embed&amp;hl=pl&amp;geocode=&amp;q=%C5%9Bwidnica+serbska+78&amp;aq=&amp;sll=50.95055,16.307874&amp;sspn=1.723399,4.938354&amp;ie=UTF8&amp;hq=&amp;hnear=Serbska+78,+58-100+%C5%9Awidnica,+%C5%9Bwidnicki,+dolno%C5%9Bl%C4%85skie&amp;t=m&amp;z=14&amp;ll=50.827378,16.474282\">Wy\u015bwietl wi\u0119ksz\u0105 map\u0119<\/a><\/small><\/p>\n","protected":false},"excerpt":{"rendered":"<p>Zesp\u00f3\u0142 Plac\u00f3wek Opieku\u0144czo-Wychowawczych 58-100 \u015awidnica ul. Serbska 78 telefon 74 850 99 39 e-mail: sekretariat(at)zpowswidnica.pl ePUAP: \/zpowSwidnica\/SkrytkaESP Nr. konta: Getin Noble Bank 68 1560 0013 2005 5584 3000 0001 Wy\u015bwietl wi\u0119ksz\u0105 map\u0119<\/p>\n","protected":false},"author":1,"featured_media":0,"parent":0,"menu_order":0,"comment_status":"closed","ping_status":"closed","template":"","meta":[],"_links":{"self":[{"href":"http:\/\/zpowswidnica.pl\/index.php?rest_route=\/wp\/v2\/pages\/51"}],"collection":[{"href":"http:\/\/zpowswidnica.pl\/index.php?rest_route=\/wp\/v2\/pages"}],"about":[{"href":"http:\/\/zpowswidnica.pl\/index.php?rest_route=\/wp\/v2\/types\/page"}],"author":[{"embeddable":true,"href":"http:\/\/zpowswidnica.pl\/index.php?rest_route=\/wp\/v2\/users\/1"}],"replies":[{"embeddable":true,"href":"http:\/\/zpowswidnica.pl\/index.php?rest_route=%2Fwp%2Fv2%2Fcomments&post=51"}],"version-history":[{"count":11,"href":"http:\/\/zpowswidnica.pl\/index.php?rest_route=\/wp\/v2\/pages\/51\/revisions"}],"predecessor-version":[{"id":1386,"href":"http:\/\/zpowswidnica.pl\/index.php?rest_route=\/wp\/v2\/pages\/51\/revisions\/1386"}],"wp:attachment":[{"href":"http:\/\/zpowswidnica.pl\/index.php?rest_route=%2Fwp%2Fv2%2Fmedia&parent=51"}],"curies":[{"name":"wp","href":"https:\/\/api.w.org\/{rel}","templated":true}]}}