{"id":780,"date":"2019-05-10T07:51:50","date_gmt":"2019-05-10T07:51:50","guid":{"rendered":"http:\/\/zpowswidnica.pl\/?page_id=780"},"modified":"2025-04-28T12:14:38","modified_gmt":"2025-04-28T12:14:38","slug":"bip","status":"publish","type":"page","link":"http:\/\/zpowswidnica.pl\/?page_id=780","title":{"rendered":"BIP"},"content":{"rendered":"\n<figure class=\"wp-block-image is-resized\"><img loading=\"lazy\" src=\"http:\/\/zpowswidnica.pl\/wp-content\/uploads\/2019\/05\/bip_logo-e1557522811752.png\" alt=\"\" class=\"wp-image-782\" width=\"569\" height=\"202\" srcset=\"http:\/\/zpowswidnica.pl\/wp-content\/uploads\/2019\/05\/bip_logo-e1557522811752.png 1095w, http:\/\/zpowswidnica.pl\/wp-content\/uploads\/2019\/05\/bip_logo-e1557522811752-300x107.png 300w, http:\/\/zpowswidnica.pl\/wp-content\/uploads\/2019\/05\/bip_logo-e1557522811752-768x273.png 768w, http:\/\/zpowswidnica.pl\/wp-content\/uploads\/2019\/05\/bip_logo-e1557522811752-1024x364.png 1024w\" sizes=\"(max-width: 569px) 100vw, 569px\" \/><\/figure>\n\n\n\n<h2>Og\u0142oszenie<\/h2>\n\n\n\n<p><strong>Dyrektor Zespo\u0142u Plac\u00f3wek Opieku\u0144czo-Wychowawczych w \u015awidnicy<\/strong><\/p>\n\n\n\n<p>og\u0142asza rozpocz\u0119cie naboru na stanowisko<\/p>\n\n\n\n<h3>Wychowawca.<\/h3>\n\n\n\n<p><a href=\"http:\/\/zpowswidnica.pl\/Nabor2023.pdf\">Informacje o rozpocz\u0119ciu naboru<\/a>&nbsp;<\/p>\n\n\n\n<hr class=\"wp-block-separator\"\/>\n\n\n\n<h4><span class=\"bold\">Dane jednostki<\/span><\/h4>\n\n\n\n<p>Zesp\u00f3\u0142 Plac\u00f3wek Opieku\u0144czo-Wychowawczych<\/p>\n\n\n\n<p>ul. Serbska 78<br>58-100 \u015awidnica<br>tel. 74 850 99 39<\/p>\n\n\n\n<p>e-mail: sekretariat@zpowswidnica.pl<\/p>\n\n\n\n<p>NIP: 8842194670<br>REGON: 891063849<\/p>\n\n\n\n<h4><span class=\"h12\"><span class=\"bold\">Redakcja<\/span><br><\/span><\/h4>\n\n\n\n<div class=\"subject_editor\">Ewa Dziwosz<br>telefon: 74 850-99-39<br>faks: 74 850-99-39<br>e-mail:&nbsp;ksiegowosc@zpowswidnica.pl<\/div>\n\n\n\n<hr class=\"wp-block-separator\"\/>\n\n\n\n<h4>Rodzaj Dzia\u0142alno\u015bci<\/h4>\n\n\n\n<p>Zesp\u00f3\u0142 Plac\u00f3wek Opieku\u0144czo \u2013 Wychowawczych w \u015awidnicy, ul. Serbska 78, jest prowadzony&nbsp;<u>jako plac\u00f3wka typu socjalizacyjnego<\/u>.<\/p>\n\n\n\n<p>Zgodnie a&nbsp;<strong>art. 101, ust. 2 Ustawy o wspieraniu rodziny i systemie pieczy zast\u0119pczej<\/strong>&nbsp;: \u201eTyp plac\u00f3wki opieku\u0144czo wychowawczej okre\u015bla jej regulamin.\u201d<\/p>\n\n\n\n<p>Powo\u0142uj\u0105c si\u0119 na&nbsp;<strong>regulamin organizacyjny Zespo\u0142u Plac\u00f3wek Opieku\u0144czo \u2013 Wychowawczych Rozdzia\u0142 VI \u00a7 23 ust. 1.<\/strong>&nbsp;\u201e Umieszczenie dziecka w plac\u00f3wce opieku\u0144czo \u2013 wychowawczej typu socjalizacyjnego nast\u0119puje na podstawie orzeczenia s\u0105du o umieszczeniu dziecka w plac\u00f3wce i po wydaniu skierowania przez PCPR.\u201d<\/p>\n\n\n\n<p>W oparciu o&nbsp;<strong>Ustaw\u0119 o przeciwdzia\u0142aniu przemocy w rodzinie Art. 12a., ust. 2<\/strong>&nbsp;\u201e Tryb umieszczania dzieci w rodzinie zast\u0119pczej lub w plac\u00f3wce opieku\u0144czo \u2013 wychowawczej reguluj\u0105 przepisy ustawy z dnia 9 czerwca 2011 r. o wspieraniu rodziny i systemie pieczy zast\u0119pczej (Dz. U. Nr 149, poz. 887)<\/p>\n\n\n\n<div class=\"wp-block-group\"><div class=\"wp-block-group__inner-container\">\n<div class=\"wp-block-image wp-image-645\"><figure class=\"alignleft is-resized\"><a href=\"http:\/\/zpowswidnica.pl\/Regulamin_Org_ZPOW.pdf\"><img loading=\"lazy\" src=\"http:\/\/zpowswidnica.pl\/wp-content\/uploads\/2018\/02\/icon-pdf-1.png\" alt=\"\" class=\"wp-image-645\" width=\"89\" height=\"120\" srcset=\"http:\/\/zpowswidnica.pl\/wp-content\/uploads\/2018\/02\/icon-pdf-1.png 1776w, http:\/\/zpowswidnica.pl\/wp-content\/uploads\/2018\/02\/icon-pdf-1-222x300.png 222w, http:\/\/zpowswidnica.pl\/wp-content\/uploads\/2018\/02\/icon-pdf-1-768x1038.png 768w, http:\/\/zpowswidnica.pl\/wp-content\/uploads\/2018\/02\/icon-pdf-1-758x1024.png 758w\" sizes=\"(max-width: 89px) 100vw, 89px\" \/><\/a><figcaption>Regulamin organizacyjny<\/figcaption><\/figure><\/div>\n<\/div><\/div>\n\n\n\n<div class=\"wp-block-group\"><div class=\"wp-block-group__inner-container\">\n<div class=\"wp-block-columns\">\n<div class=\"wp-block-column\" style=\"flex-basis:100%\">\n<div class=\"wp-block-image\"><figure class=\"alignleft is-resized\"><a href=\"http:\/\/zpowswidnica.pl\/Statut_ZPOW.pdf\"><img loading=\"lazy\" src=\"http:\/\/zpowswidnica.pl\/wp-content\/uploads\/2018\/02\/icon-pdf-1.png\" alt=\"\" class=\"wp-image-645\" width=\"89\" height=\"120\" srcset=\"http:\/\/zpowswidnica.pl\/wp-content\/uploads\/2018\/02\/icon-pdf-1.png 1776w, http:\/\/zpowswidnica.pl\/wp-content\/uploads\/2018\/02\/icon-pdf-1-222x300.png 222w, http:\/\/zpowswidnica.pl\/wp-content\/uploads\/2018\/02\/icon-pdf-1-768x1038.png 768w, http:\/\/zpowswidnica.pl\/wp-content\/uploads\/2018\/02\/icon-pdf-1-758x1024.png 758w\" sizes=\"(max-width: 89px) 100vw, 89px\" \/><\/a><figcaption>Status ZPOW<\/figcaption><\/figure><\/div>\n<\/div>\n<\/div>\n<\/div><\/div>\n\n\n\n<pr>\n\n\n\n<hr class=\"wp-block-separator\"\/>\n\n\n\n<h2>Sprawozdanie finansowe za rok 2024<\/h2>\n\n\n\n<div class=\"wp-block-group\"><div class=\"wp-block-group__inner-container\">\n<div class=\"wp-block-image\"><figure class=\"alignleft is-resized\"><a href=\"http:\/\/zpowswidnica.pl\/Bilans2024.pdf\"><img loading=\"lazy\" src=\"http:\/\/zpowswidnica.pl\/wp-content\/uploads\/2018\/02\/icon-pdf-1.png\" alt=\"\" class=\"wp-image-645\" width=\"89\" height=\"120\" srcset=\"http:\/\/zpowswidnica.pl\/wp-content\/uploads\/2018\/02\/icon-pdf-1.png 1776w, http:\/\/zpowswidnica.pl\/wp-content\/uploads\/2018\/02\/icon-pdf-1-222x300.png 222w, http:\/\/zpowswidnica.pl\/wp-content\/uploads\/2018\/02\/icon-pdf-1-768x1038.png 768w, http:\/\/zpowswidnica.pl\/wp-content\/uploads\/2018\/02\/icon-pdf-1-758x1024.png 758w\" sizes=\"(max-width: 89px) 100vw, 89px\" \/><\/a><figcaption>Sprawozdanie finansowe 2024<\/figcaption><\/figure><\/div>\n\n\n\n<p><\/p>\n<\/div><\/div>\n","protected":false},"excerpt":{"rendered":"<p>Og\u0142oszenie Dyrektor Zespo\u0142u Plac\u00f3wek Opieku\u0144czo-Wychowawczych w \u015awidnicy og\u0142asza rozpocz\u0119cie naboru na stanowisko Wychowawca. Informacje o rozpocz\u0119ciu naboru&nbsp; Dane jednostki Zesp\u00f3\u0142 Plac\u00f3wek Opieku\u0144czo-Wychowawczych ul. Serbska 7858-100 \u015awidnicatel. 74 850 99 39 e-mail: sekretariat@zpowswidnica.pl NIP: 8842194670REGON: 891063849 Redakcja Ewa Dziwosztelefon: 74 850-99-39faks: 74 850-99-39e-mail:&nbsp;ksiegowosc@zpowswidnica.pl Rodzaj Dzia\u0142alno\u015bci Zesp\u00f3\u0142 Plac\u00f3wek Opieku\u0144czo \u2013 Wychowawczych w \u015awidnicy, ul. Serbska 78, jest [&hellip;]<\/p>\n","protected":false},"author":1,"featured_media":0,"parent":0,"menu_order":0,"comment_status":"closed","ping_status":"closed","template":"","meta":[],"_links":{"self":[{"href":"http:\/\/zpowswidnica.pl\/index.php?rest_route=\/wp\/v2\/pages\/780"}],"collection":[{"href":"http:\/\/zpowswidnica.pl\/index.php?rest_route=\/wp\/v2\/pages"}],"about":[{"href":"http:\/\/zpowswidnica.pl\/index.php?rest_route=\/wp\/v2\/types\/page"}],"author":[{"embeddable":true,"href":"http:\/\/zpowswidnica.pl\/index.php?rest_route=\/wp\/v2\/users\/1"}],"replies":[{"embeddable":true,"href":"http:\/\/zpowswidnica.pl\/index.php?rest_route=%2Fwp%2Fv2%2Fcomments&post=780"}],"version-history":[{"count":45,"href":"http:\/\/zpowswidnica.pl\/index.php?rest_route=\/wp\/v2\/pages\/780\/revisions"}],"predecessor-version":[{"id":1390,"href":"http:\/\/zpowswidnica.pl\/index.php?rest_route=\/wp\/v2\/pages\/780\/revisions\/1390"}],"wp:attachment":[{"href":"http:\/\/zpowswidnica.pl\/index.php?rest_route=%2Fwp%2Fv2%2Fmedia&parent=780"}],"curies":[{"name":"wp","href":"https:\/\/api.w.org\/{rel}","templated":true}]}}